{"id":11,"date":"2015-11-09T21:27:57","date_gmt":"2015-11-09T21:27:57","guid":{"rendered":"https:\/\/2016.frankfurt.wordcamp.org\/location\/"},"modified":"2016-09-01T23:50:43","modified_gmt":"2016-09-01T21:50:43","slug":"location","status":"publish","type":"page","link":"https:\/\/frankfurt.wordcamp.org\/2016\/location\/","title":{"rendered":"Location"},"content":{"rendered":"<h1>Location<\/h1>\n<p><img loading=\"lazy\" decoding=\"async\" src=\"https:\/\/2016.frankfurt.wordcamp.org\/files\/2015\/11\/plan.png\" alt=\"plan\" width=\"649\" height=\"539\" class=\"aligncenter size-full wp-image-1533\" srcset=\"https:\/\/frankfurt.wordcamp.org\/2016\/files\/2015\/11\/plan.png 649w, https:\/\/frankfurt.wordcamp.org\/2016\/files\/2015\/11\/plan-300x249.png 300w, https:\/\/frankfurt.wordcamp.org\/2016\/files\/2015\/11\/plan-361x300.png 361w\" sizes=\"auto, (max-width: 649px) 100vw, 649px\" \/><\/p>\n<div class=\"de pos_1\">\n<p>Das WordCamp Frankfurt 2016 wird an der Goethe-Universit\u00e4t auf dem Campus Bockenheim stattfinden.<\/p>\n<p><strong>Adresse:<\/strong><\/p>\n<p>Campus Bockenheim<br \/>\nGr\u00e4fstra\u00dfe 52<br \/>\n60325 Frankfurt<\/p>\n<\/div>\n<div class=\"de pos_3\"><strong>Anfahrt mit dem Auto:\u00a0<\/strong><a href=\"https:\/\/www.uni-frankfurt.de\/38093742\/Campus_Bockenheim-pdf.pdf\">Lageplan Campus Bockenheim<\/a><br \/>\n<strong>Anfahrt mit \u00f6ffentlichen Verkehrsmitteln (empfohlen):<\/strong><\/p>\n<ul>\n<li>Vom <strong>Hauptbahnhof<\/strong> mit der U-Bahn U4 Richtung Bockenheimer Warte bis Endhaltestelle<\/li>\n<li>Von der <strong>Hauptwache<\/strong> mit der U6 (Richtung Heerstra\u00dfe) oder der U7 (Richtung Hausen) bis \u201eHaltestelle Bockenheimer Warte\u201c<\/li>\n<li>Vom <strong>Westbahnhof<\/strong> mit der Buslinie 36 bis Haltestelle \u201eBockenheimer Warte\u201c<\/li>\n<li>Zus\u00e4tzlich verbindet die Buslinie 75 den <strong>Campus Westend<\/strong> (\u201eUni Campus Westend\u201c, \u201eBremer Stra\u00dfe\u201c) mit dem Campus Bockenheim (\u201eBockenheimer Warte\u201c).<\/li>\n<\/ul>\n<\/div>\n<div class=\"de pos_5\">\n<h2>Contributor Day<\/h2>\n<p>Auch der Contributor Day am 2. September wird auf dem Campus Bockenheim der Goethe-Universit\u00e4t &#8211; im 1. OG des\u00a0Mensa\/Sozialzentrum stattfinden.<\/p>\n<\/div>\n<div class=\"en pos_2\">\n<p>The WordCamp Frankfurt 2016 will take place at the Goethe-Univers on the Campus Bockenheim.<\/p>\n<p><strong>Adress:<\/strong><\/p>\n<p>Campus Bockenheim<br \/>\nGr\u00e4fstra\u00dfe 52<br \/>\n60325 Frankfurt<\/p>\n<\/div>\n<div class=\"en pos_4\"><strong>Arriving by car:\u00a0<\/strong><a href=\"https:\/\/www.uni-frankfurt.de\/38093742\/Campus_Bockenheim-pdf.pdf\">Map Campus Bockenheim<\/a><br \/>\n<strong>Arriving with public transportation (recommended):<\/strong><\/p>\n<ul>\n<li>From <strong>Central Station<\/strong> with the Subway U4 in the Direction Bockenheimer Warte to terminus<\/li>\n<li>From <strong>Hauptwache<\/strong> with the U6 (Direction Heerstra\u00dfe) or U7 (Direction Hausen) to \u201eHaltestelle Bockenheimer Warte\u201c<\/li>\n<li>From <strong>Westbahnhof<\/strong> with the Bus Line 36 until \u201eHaltestelle Bockenheimer Warte\u201c<\/li>\n<li>additionally the Bus Line 75 connects <strong>Campus Westend<\/strong> (\u201eUni Campus Westend\u201c, \u201eBremer Stra\u00dfe\u201c) with Campus Bockenheim (\u201eBockenheimer Warte\u201c).<\/li>\n<\/ul>\n<\/div>\n<div class=\"en pos_6\">\n<h2>Contributor Day<\/h2>\n<p>The Contributor Day September 2nd will take place at the Goethe-Universit\u00e4t on the Campus Bockenheim in the &#8222;Mensa\/Sozialzentrum&#8220; building (1. Floor).<\/p>\n<\/div>\n","protected":false},"excerpt":{"rendered":"<p>Location Das WordCamp Frankfurt 2016 wird an der Goethe-Universit\u00e4t auf dem Campus Bockenheim stattfinden. Adresse: Campus Bockenheim Gr\u00e4fstra\u00dfe 52 60325 Frankfurt Anfahrt mit dem Auto:\u00a0Lageplan Campus Bockenheim Anfahrt mit \u00f6ffentlichen Verkehrsmitteln (empfohlen): Vom Hauptbahnhof mit der U-Bahn U4 Richtung Bockenheimer Warte bis Endhaltestelle Von der Hauptwache mit der U6 (Richtung Heerstra\u00dfe) oder der U7 (Richtung &hellip; <a href=\"https:\/\/frankfurt.wordcamp.org\/2016\/location\/\" class=\"more-link\"><span class=\"screen-reader-text\">Location<\/span> weiterlesen <span class=\"meta-nav\">&rarr;<\/span><\/a><\/p>\n","protected":false},"author":8200561,"featured_media":0,"parent":0,"menu_order":0,"comment_status":"closed","ping_status":"closed","template":"","meta":{"_crdt_document":"","jetpack_post_was_ever_published":false,"footnotes":""},"class_list":["post-11","page","type-page","status-publish","hentry"],"jetpack_sharing_enabled":true,"jetpack_shortlink":"https:\/\/wp.me\/P6VV7T-b","_links":{"self":[{"href":"https:\/\/frankfurt.wordcamp.org\/2016\/wp-json\/wp\/v2\/pages\/11","targetHints":{"allow":["GET"]}}],"collection":[{"href":"https:\/\/frankfurt.wordcamp.org\/2016\/wp-json\/wp\/v2\/pages"}],"about":[{"href":"https:\/\/frankfurt.wordcamp.org\/2016\/wp-json\/wp\/v2\/types\/page"}],"author":[{"embeddable":true,"href":"https:\/\/frankfurt.wordcamp.org\/2016\/wp-json\/wp\/v2\/users\/8200561"}],"replies":[{"embeddable":true,"href":"https:\/\/frankfurt.wordcamp.org\/2016\/wp-json\/wp\/v2\/comments?post=11"}],"version-history":[{"count":24,"href":"https:\/\/frankfurt.wordcamp.org\/2016\/wp-json\/wp\/v2\/pages\/11\/revisions"}],"predecessor-version":[{"id":1534,"href":"https:\/\/frankfurt.wordcamp.org\/2016\/wp-json\/wp\/v2\/pages\/11\/revisions\/1534"}],"wp:attachment":[{"href":"https:\/\/frankfurt.wordcamp.org\/2016\/wp-json\/wp\/v2\/media?parent=11"}],"curies":[{"name":"wp","href":"https:\/\/api.w.org\/{rel}","templated":true}]}}