{"id":81,"date":"2016-03-29T16:40:51","date_gmt":"2016-03-29T14:40:51","guid":{"rendered":"https:\/\/2016.frankfurt.wordcamp.org\/?page_id=81"},"modified":"2016-08-04T17:50:10","modified_gmt":"2016-08-04T15:50:10","slug":"startseite","status":"publish","type":"page","link":"https:\/\/frankfurt.wordcamp.org\/2016\/","title":{"rendered":"Startseite"},"content":{"rendered":"<h1 style=\"text-align: center\">WordCamp Frankfurt<\/h1>\n<p style=\"text-align: center\">02.09. &#8211; 04.09.2016<br \/>\n<a href=\"https:\/\/twitter.com\/WordCampFRA\">@WordCampFRA<\/a> <a href=\"https:\/\/twitter.com\/search?q=wcfra\">#WCFRA<\/a><\/p>\n<p style=\"text-align: center\"><img loading=\"lazy\" decoding=\"async\" class=\"alignnone wp-image-165\" src=\"https:\/\/2016.frankfurt.wordcamp.org\/files\/2016\/03\/frapuu-01-1024x1000.png\" alt=\"frapuu-transparent\" width=\"294\" height=\"287\" srcset=\"https:\/\/frankfurt.wordcamp.org\/2016\/files\/2016\/03\/frapuu-01-1024x1000.png 1024w, https:\/\/frankfurt.wordcamp.org\/2016\/files\/2016\/03\/frapuu-01-300x293.png 300w, https:\/\/frankfurt.wordcamp.org\/2016\/files\/2016\/03\/frapuu-01-768x750.png 768w, https:\/\/frankfurt.wordcamp.org\/2016\/files\/2016\/03\/frapuu-01-307x300.png 307w, https:\/\/frankfurt.wordcamp.org\/2016\/files\/2016\/03\/frapuu-01.png 1675w\" sizes=\"auto, (max-width: 294px) 100vw, 294px\" \/><\/p>\n<div class=\"de pos_1\">\n<p>Ein WordCamp ist eine Konferenz rund um das Thema WordPress, eine informelle Community-Veranstaltung, die von und f\u00fcr WordPress-Nutzer organisiert wird. Im September 2016 wird es das erste WordCamp in Frankfurt am Main geben. Egal ob mit dem Flugzeug, auf dem Landweg oder per Schiff \u00fcber den Main \u2013 Frankfurt ist aus allen Richtungen hervorragend erreichbar. Wir freuen uns, euch in dieser sch\u00f6nen Stadt am Main begr\u00fc\u00dfen zu d\u00fcrfen und organisieren schon flei\u00dfig, um immer mehr Infos durchblicken lassen zu k\u00f6nnen.<\/p>\n<\/div>\n<div class=\"de pos_3\">\n<p>Hier gehts direkt zu den wichtigsten Seiten:<\/p>\n<ul>\n<li style=\"text-align: left\">Du m\u00f6chtest mitmachen? Kauf ein Ticket! &#8211; <a href=\"https:\/\/2016.frankfurt.wordcamp.org\/tickets\/\">Hier gehts weiter<\/a><\/li>\n<li style=\"text-align: left\">Wir suchen Sponsoren. Interesse ein super Event zu unterst\u00fctzen? &#8211; <a href=\"https:\/\/2016.frankfurt.wordcamp.org\/call-for-sponsors\/\">Einmal klicken<\/a><\/li>\n<\/ul>\n<\/div>\n<div class=\"en pos_2\">\n<p>A WordCamp is a conference all about WordPress, an informal community-event, organized by and for WordPress-users. In September 2016 the first WordCamp in Frankfurt will take place. Wether by plane, by car or with a ship over the river Main \u2013 Frankfurt is an easy place to get to. We are happy to welcome you in this beautiful town and are heavily working to get more information about this event to you.<\/p>\n<\/div>\n<div class=\"en pos_4\">\nFor now:<\/p>\n<ul>\n<li style=\"text-align: left\">Get your ticket now! &#8211; <a href=\"https:\/\/2016.frankfurt.wordcamp.org\/tickets\/\">go this way<\/a><\/li>\n<li style=\"text-align: left\">We are looking for sponsors. Interested in helping to finance an awesome event? &#8211; <a href=\"https:\/\/2016.frankfurt.wordcamp.org\/call-for-sponsors\/\">Go here<\/a><\/li>\n<\/ul>\n<\/div>\n","protected":false},"excerpt":{"rendered":"<p>WordCamp Frankfurt 02.09. &#8211; 04.09.2016 @WordCampFRA #WCFRA Ein WordCamp ist eine Konferenz rund um das Thema WordPress, eine informelle Community-Veranstaltung, die von und f\u00fcr WordPress-Nutzer organisiert wird. Im September 2016 wird es das erste WordCamp in Frankfurt am Main geben. Egal ob mit dem Flugzeug, auf dem Landweg oder per Schiff \u00fcber den Main \u2013 &hellip; <a href=\"https:\/\/frankfurt.wordcamp.org\/2016\/\" class=\"more-link\"><span class=\"screen-reader-text\">Startseite<\/span> weiterlesen <span class=\"meta-nav\">&rarr;<\/span><\/a><\/p>\n","protected":false},"author":14937622,"featured_media":0,"parent":0,"menu_order":0,"comment_status":"closed","ping_status":"closed","template":"","meta":{"_crdt_document":"","jetpack_post_was_ever_published":false,"footnotes":""},"class_list":["post-81","page","type-page","status-publish","hentry"],"jetpack_sharing_enabled":true,"jetpack_shortlink":"https:\/\/wp.me\/P6VV7T-1j","_links":{"self":[{"href":"https:\/\/frankfurt.wordcamp.org\/2016\/wp-json\/wp\/v2\/pages\/81","targetHints":{"allow":["GET"]}}],"collection":[{"href":"https:\/\/frankfurt.wordcamp.org\/2016\/wp-json\/wp\/v2\/pages"}],"about":[{"href":"https:\/\/frankfurt.wordcamp.org\/2016\/wp-json\/wp\/v2\/types\/page"}],"author":[{"embeddable":true,"href":"https:\/\/frankfurt.wordcamp.org\/2016\/wp-json\/wp\/v2\/users\/14937622"}],"replies":[{"embeddable":true,"href":"https:\/\/frankfurt.wordcamp.org\/2016\/wp-json\/wp\/v2\/comments?post=81"}],"version-history":[{"count":29,"href":"https:\/\/frankfurt.wordcamp.org\/2016\/wp-json\/wp\/v2\/pages\/81\/revisions"}],"predecessor-version":[{"id":1098,"href":"https:\/\/frankfurt.wordcamp.org\/2016\/wp-json\/wp\/v2\/pages\/81\/revisions\/1098"}],"wp:attachment":[{"href":"https:\/\/frankfurt.wordcamp.org\/2016\/wp-json\/wp\/v2\/media?parent=81"}],"curies":[{"name":"wp","href":"https:\/\/api.w.org\/{rel}","templated":true}]}}